{"id":599,"date":"2020-06-10T12:09:35","date_gmt":"2020-06-10T10:09:35","guid":{"rendered":"http:\/\/cyclesetrecycle.fr\/?page_id=599"},"modified":"2025-09-25T15:29:32","modified_gmt":"2025-09-25T13:29:32","slug":"adherer","status":"publish","type":"page","link":"https:\/\/cyclesetrecycle.fr\/?page_id=599","title":{"rendered":"Adh\u00e9rer"},"content":{"rendered":"\nL&rsquo;adh\u00e9sion c&rsquo;est seulement 15\u20ac \u00e0 l&rsquo;ann\u00e9e (date \u00e0 date). \nL&rsquo;adh\u00e9sion vous donne acc\u00e8s \u00e0 l&rsquo;espace de travail, l&rsquo;outillage sp\u00e9cial cycle, nos (grandes) comp\u00e9tences, et m\u00eame au caf\u00e9 et aux petits g\u00e2teaux !\n\n<iframe id=\"haWidget\" allowtransparency=\"true\" scrolling=\"auto\" src=\"https:\/\/www.helloasso.com\/associations\/cycles-recycle\/adhesions\/adhesion-annuelle-cycles-recycle\/widget\" style=\"width:100%;height:750px;border:none;\" onload=\"window.scroll(0, this.offsetTop)\"><\/iframe><div style=\"width:100%;text-align:center;\">Propuls\u00e9 par <a href=\"https:\/\/www.helloasso.com\" rel=\"nofollow\">HelloAsso<\/a><\/div>\n\n\n\n<figure class=\"wp-block-gallery aligncenter has-nested-images columns-default is-cropped wp-block-gallery-1 is-layout-flex wp-block-gallery-is-layout-flex\">\n<figure class=\"wp-block-image size-large\"><img loading=\"lazy\" decoding=\"async\" width=\"426\" height=\"424\" data-id=\"667\" src=\"https:\/\/cyclesetrecycle.fr\/wp-content\/uploads\/2021\/03\/Logo_03_-_Jaune_Bleu.gif\" alt=\"\" class=\"wp-image-667\"\/><\/figure>\n<\/figure>\n\n\n\n<figure class=\"wp-block-gallery has-nested-images columns-default is-cropped wp-block-gallery-2 is-layout-flex wp-block-gallery-is-layout-flex\"><\/figure>\n\n\n<div class=\"wp-block-image\">\n<figure class=\"aligncenter size-large\"><img loading=\"lazy\" decoding=\"async\" width=\"500\" height=\"281\" src=\"https:\/\/cyclesetrecycle.fr\/wp-content\/uploads\/2021\/03\/fub-1.png\" alt=\"\" class=\"wp-image-672\" srcset=\"https:\/\/cyclesetrecycle.fr\/wp-content\/uploads\/2021\/03\/fub-1.png 500w, https:\/\/cyclesetrecycle.fr\/wp-content\/uploads\/2021\/03\/fub-1-300x169.png 300w\" sizes=\"auto, (max-width: 500px) 100vw, 500px\" \/><\/figure><\/div>\n\n<div class=\"wp-block-image\">\n<figure class=\"aligncenter size-large\"><img loading=\"lazy\" decoding=\"async\" width=\"450\" height=\"252\" src=\"https:\/\/cyclesetrecycle.fr\/wp-content\/uploads\/2021\/03\/cropped-logo_cvidf_rvb-red-1-1.png\" alt=\"\" class=\"wp-image-673\" srcset=\"https:\/\/cyclesetrecycle.fr\/wp-content\/uploads\/2021\/03\/cropped-logo_cvidf_rvb-red-1-1.png 450w, https:\/\/cyclesetrecycle.fr\/wp-content\/uploads\/2021\/03\/cropped-logo_cvidf_rvb-red-1-1-300x168.png 300w\" sizes=\"auto, (max-width: 450px) 100vw, 450px\" \/><\/figure><\/div>\n\n\n<figure class=\"wp-block-gallery has-nested-images columns-default is-cropped wp-block-gallery-3 is-layout-flex wp-block-gallery-is-layout-flex\">\n<figure class=\"wp-block-image size-large\"><img loading=\"lazy\" decoding=\"async\" width=\"135\" height=\"198\" data-id=\"674\" src=\"https:\/\/cyclesetrecycle.fr\/wp-content\/uploads\/2021\/03\/HeureuxCyclage-1.jpg\" alt=\"\" class=\"wp-image-674\"\/><\/figure>\n<\/figure>\n\n\n\n<p class=\"has-pale-cyan-blue-color has-pale-cyan-blue-background-color has-text-color has-background\" style=\"font-size:3px\"><\/p>\n","protected":false},"excerpt":{"rendered":"<p>L&rsquo;adh\u00e9sion c&rsquo;est seulement 15\u20ac \u00e0 l&rsquo;ann\u00e9e (date \u00e0 date). L&rsquo;adh\u00e9sion vous donne acc\u00e8s \u00e0 l&rsquo;espace de travail, l&rsquo;outillage sp\u00e9cial cycle, nos (grandes) comp\u00e9tences, et m\u00eame au caf\u00e9 et aux petits g\u00e2teaux ! Propuls\u00e9 par HelloAsso<\/p>\n","protected":false},"author":54169,"featured_media":0,"parent":0,"menu_order":0,"comment_status":"closed","ping_status":"closed","template":"","meta":{"footnotes":""},"class_list":["post-599","page","type-page","status-publish","hentry"],"_links":{"self":[{"href":"https:\/\/cyclesetrecycle.fr\/index.php?rest_route=\/wp\/v2\/pages\/599","targetHints":{"allow":["GET"]}}],"collection":[{"href":"https:\/\/cyclesetrecycle.fr\/index.php?rest_route=\/wp\/v2\/pages"}],"about":[{"href":"https:\/\/cyclesetrecycle.fr\/index.php?rest_route=\/wp\/v2\/types\/page"}],"author":[{"embeddable":true,"href":"https:\/\/cyclesetrecycle.fr\/index.php?rest_route=\/wp\/v2\/users\/54169"}],"replies":[{"embeddable":true,"href":"https:\/\/cyclesetrecycle.fr\/index.php?rest_route=%2Fwp%2Fv2%2Fcomments&post=599"}],"version-history":[{"count":11,"href":"https:\/\/cyclesetrecycle.fr\/index.php?rest_route=\/wp\/v2\/pages\/599\/revisions"}],"predecessor-version":[{"id":781,"href":"https:\/\/cyclesetrecycle.fr\/index.php?rest_route=\/wp\/v2\/pages\/599\/revisions\/781"}],"wp:attachment":[{"href":"https:\/\/cyclesetrecycle.fr\/index.php?rest_route=%2Fwp%2Fv2%2Fmedia&parent=599"}],"curies":[{"name":"wp","href":"https:\/\/api.w.org\/{rel}","templated":true}]}}