{"id":249,"date":"2019-03-21T13:16:28","date_gmt":"2019-03-21T12:16:28","guid":{"rendered":"http:\/\/cyclesetrecycle.fr\/?page_id=249"},"modified":"2025-09-10T19:58:36","modified_gmt":"2025-09-10T17:58:36","slug":"cest-ou-cest-quand","status":"publish","type":"page","link":"https:\/\/cyclesetrecycle.fr\/?page_id=249","title":{"rendered":"C&rsquo;est quand? C&rsquo;est o\u00f9?"},"content":{"rendered":"\n<p><a href=\"https:\/\/rambouilletentransition.files.wordpress.com\/2014\/06\/10417446_675112972567341_6398581355330742274_n.jpg\"><strong>Permanence:<\/strong><\/a><br><strong>C&rsquo;est tous les premiers&nbsp;et troisi\u00e8mes samedi du mois sans RDV.<\/strong><\/p>\n\n\n\n<p><strong>Entre 9h et 14 heures.<\/strong><\/p>\n\n\n\n<p><a href=\"https:\/\/rambouilletentransition.files.wordpress.com\/2014\/06\/10417446_675112972567341_6398581355330742274_n.jpg\"><strong>Le point de RDV c&rsquo;est au 33 rue de Chartres<\/strong><\/a><br><strong>78610 Le Perray en Yvelines &#8211; Commune des Yvelines limitrophe de Rambouillet<\/strong><\/p>\n\n\n\n<figure class=\"wp-block-image is-resized\"><img loading=\"lazy\" decoding=\"async\" width=\"768\" height=\"1024\" src=\"http:\/\/cyclesetrecycle.fr\/wp-content\/uploads\/2019\/10\/DSCN8080-768x1024.jpg\" alt=\"\" class=\"wp-image-523\" style=\"width:576px;height:768px\" srcset=\"https:\/\/cyclesetrecycle.fr\/wp-content\/uploads\/2019\/10\/DSCN8080-768x1024.jpg 768w, https:\/\/cyclesetrecycle.fr\/wp-content\/uploads\/2019\/10\/DSCN8080-225x300.jpg 225w\" sizes=\"auto, (max-width: 767px) 89vw, (max-width: 1000px) 54vw, (max-width: 1071px) 543px, 580px\" \/><\/figure>\n\n\n\n<p class=\"has-medium-font-size\"><strong>Pour tous renseignements, <\/strong><\/p>\n\n\n\n<p class=\"has-medium-font-size\"><strong>n&rsquo;h\u00e9sitez pas \u00e0 contacter au :<\/strong> <strong>06 86 20 18 40<\/strong> (Nouveau num\u00e9ro)<\/p>\n\n\n<p><!--EndFragment--><\/p>\n<\/p>\n\n\n<p><\/p>\n","protected":false},"excerpt":{"rendered":"<p>Permanence:C&rsquo;est tous les premiers&nbsp;et troisi\u00e8mes samedi du mois sans RDV. Entre 9h et 14 heures. Le point de RDV c&rsquo;est au 33 rue de Chartres78610 Le Perray en Yvelines &#8211; Commune des Yvelines limitrophe de Rambouillet Pour tous renseignements, n&rsquo;h\u00e9sitez pas \u00e0 contacter au : 06 86 20 18 40 (Nouveau num\u00e9ro)<\/p>\n","protected":false},"author":54169,"featured_media":0,"parent":0,"menu_order":0,"comment_status":"closed","ping_status":"closed","template":"","meta":{"footnotes":""},"class_list":["post-249","page","type-page","status-publish","hentry"],"_links":{"self":[{"href":"https:\/\/cyclesetrecycle.fr\/index.php?rest_route=\/wp\/v2\/pages\/249","targetHints":{"allow":["GET"]}}],"collection":[{"href":"https:\/\/cyclesetrecycle.fr\/index.php?rest_route=\/wp\/v2\/pages"}],"about":[{"href":"https:\/\/cyclesetrecycle.fr\/index.php?rest_route=\/wp\/v2\/types\/page"}],"author":[{"embeddable":true,"href":"https:\/\/cyclesetrecycle.fr\/index.php?rest_route=\/wp\/v2\/users\/54169"}],"replies":[{"embeddable":true,"href":"https:\/\/cyclesetrecycle.fr\/index.php?rest_route=%2Fwp%2Fv2%2Fcomments&post=249"}],"version-history":[{"count":15,"href":"https:\/\/cyclesetrecycle.fr\/index.php?rest_route=\/wp\/v2\/pages\/249\/revisions"}],"predecessor-version":[{"id":776,"href":"https:\/\/cyclesetrecycle.fr\/index.php?rest_route=\/wp\/v2\/pages\/249\/revisions\/776"}],"wp:attachment":[{"href":"https:\/\/cyclesetrecycle.fr\/index.php?rest_route=%2Fwp%2Fv2%2Fmedia&parent=249"}],"curies":[{"name":"wp","href":"https:\/\/api.w.org\/{rel}","templated":true}]}}